{"id":1064,"date":"2025-04-28T14:53:31","date_gmt":"2025-04-28T12:53:31","guid":{"rendered":"https:\/\/segabogados.com\/?page_id=1064"},"modified":"2025-04-28T14:54:49","modified_gmt":"2025-04-28T12:54:49","slug":"politica-de-privacitat","status":"publish","type":"page","link":"https:\/\/segabogados.com\/index.php\/ca\/politica-de-privacitat\/","title":{"rendered":"Pol\u00edtica de privacitat"},"content":{"rendered":"\t\t<div data-elementor-type=\"wp-page\" data-elementor-id=\"1064\" class=\"elementor elementor-1064\">\n\t\t\t\t<div class=\"elementor-element elementor-element-42289d65 e-flex e-con-boxed e-con e-parent\" data-id=\"42289d65\" data-element_type=\"container\" data-e-type=\"container\">\n\t\t\t\t\t<div class=\"e-con-inner\">\n\t\t\t\t<div class=\"elementor-element elementor-element-42678dfe elementor-widget elementor-widget-text-editor\" data-id=\"42678dfe\" data-element_type=\"widget\" data-e-type=\"widget\" data-widget_type=\"text-editor.default\">\n\t\t\t\t<div class=\"elementor-widget-container\">\n\t\t\t\t\t\t\t\t\t<p>En compliment del Reglament (UE) 2016\/679 del Parlament Europeu i del Consell, de 27 d\u2019abril de 2016 (RGPD), i de la Llei Org\u00e0nica 3\/2018, de Protecci\u00f3 de Dades Personals i garantia dels drets digitals (LOPDGDD), informem els usuaris que les dades personals facilitades a trav\u00e9s d&#8217;esta web seran tractades per SOCARRATS, amb correu electr\u00f2nic <a href=\"mailto:info@socarrats.com\">info@segabogados.com<\/a>, com a responsable del tractament.<\/p><p>La finalitat del tractament de les dades \u00e9s gestionar les sol\u00b7licituds d&#8217;informaci\u00f3, atendre consultes, enviar comunicacions comercials relacionades amb els nostres serveis i millorar l&#8217;experi\u00e8ncia de l&#8217;usuari.<br \/>El tractament es realitza sobre la base del consentiment de la persona interessada.<\/p><p>Les dades facilitades es conservaran mentre existisca una relaci\u00f3 comercial o fins que vost\u00e9 sol\u00b7licite la seua supressi\u00f3. No es cediran dades a tercers, excepte per obligaci\u00f3 legal.<\/p><p>Els usuaris poden exercitar en qualsevol moment els seus drets d&#8217;acc\u00e9s, rectificaci\u00f3, supressi\u00f3, oposici\u00f3, limitaci\u00f3 del tractament i portabilitat, enviant una sol\u00b7licitud a <a href=\"mailto:info@socarrats.com\">info@segabogados.com<\/a>, acompanyada d&#8217;una c\u00f2pia del seu document d&#8217;identitat.<\/p><p>Per a m\u00e9s informaci\u00f3, pot consultar esta pol\u00edtica de privacitat peri\u00f2dicament, ja que podria ser actualitzada.<\/p><p><!-- \/wp:paragraph --><\/p>\t\t\t\t\t\t\t\t<\/div>\n\t\t\t\t<\/div>\n\t\t\t\t\t<\/div>\n\t\t\t\t<\/div>\n\t\t\t\t<\/div>\n\t\t","protected":false},"excerpt":{"rendered":"<p>En compliment del Reglament (UE) 2016\/679 del Parlament Europeu i del Consell, de 27 d\u2019abril de 2016 (RGPD), i de la Llei Org\u00e0nica 3\/2018, de Protecci\u00f3 de Dades Personals i garantia dels drets digitals (LOPDGDD), informem els usuaris que les dades personals facilitades a trav\u00e9s d&#8217;esta web seran tractades per SOCARRATS, amb correu electr\u00f2nic info@segabogados.com, [&hellip;]<\/p>\n","protected":false},"author":1,"featured_media":0,"parent":0,"menu_order":0,"comment_status":"closed","ping_status":"open","template":"","meta":{"footnotes":""},"class_list":["post-1064","page","type-page","status-publish","hentry"],"_links":{"self":[{"href":"https:\/\/segabogados.com\/index.php\/wp-json\/wp\/v2\/pages\/1064","targetHints":{"allow":["GET"]}}],"collection":[{"href":"https:\/\/segabogados.com\/index.php\/wp-json\/wp\/v2\/pages"}],"about":[{"href":"https:\/\/segabogados.com\/index.php\/wp-json\/wp\/v2\/types\/page"}],"author":[{"embeddable":true,"href":"https:\/\/segabogados.com\/index.php\/wp-json\/wp\/v2\/users\/1"}],"replies":[{"embeddable":true,"href":"https:\/\/segabogados.com\/index.php\/wp-json\/wp\/v2\/comments?post=1064"}],"version-history":[{"count":4,"href":"https:\/\/segabogados.com\/index.php\/wp-json\/wp\/v2\/pages\/1064\/revisions"}],"predecessor-version":[{"id":1068,"href":"https:\/\/segabogados.com\/index.php\/wp-json\/wp\/v2\/pages\/1064\/revisions\/1068"}],"wp:attachment":[{"href":"https:\/\/segabogados.com\/index.php\/wp-json\/wp\/v2\/media?parent=1064"}],"curies":[{"name":"wp","href":"https:\/\/api.w.org\/{rel}","templated":true}]}}