{"id":1084,"date":"2025-04-28T15:04:31","date_gmt":"2025-04-28T13:04:31","guid":{"rendered":"https:\/\/segabogados.com\/?page_id=1084"},"modified":"2025-04-28T15:05:45","modified_gmt":"2025-04-28T13:05:45","slug":"politic-de-cookies","status":"publish","type":"page","link":"https:\/\/segabogados.com\/index.php\/politic-de-cookies\/","title":{"rendered":"Pol\u00edtica de cookies"},"content":{"rendered":"\t\t<div data-elementor-type=\"wp-page\" data-elementor-id=\"1084\" class=\"elementor elementor-1084\">\n\t\t\t\t<div class=\"elementor-element elementor-element-9e24514 e-flex e-con-boxed e-con e-parent\" data-id=\"9e24514\" data-element_type=\"container\" data-e-type=\"container\">\n\t\t\t\t\t<div class=\"e-con-inner\">\n\t\t\t\t<div class=\"elementor-element elementor-element-4e0b65e elementor-widget elementor-widget-text-editor\" data-id=\"4e0b65e\" data-element_type=\"widget\" data-e-type=\"widget\" data-widget_type=\"text-editor.default\">\n\t\t\t\t<div class=\"elementor-widget-container\">\n\t\t\t\t\t\t\t\t\t<p>Esta web utiliza cookies propias y de terceros para personalizar el contenido, ofrecer funciones de redes sociales y analizar el tr\u00e1fico. En cumplimiento del Reglamento (UE) 2016\/679 y la Ley 34\/2002 de Servicios de la Sociedad de la Informaci\u00f3n y Comercio Electr\u00f3nico (LSSI-CE), le informamos sobre el uso de cookies.<\/p><p>Una cookie es un peque\u00f1o archivo de texto que se almacena en su navegador al visitar p\u00e1ginas web. Sirven para recordar informaci\u00f3n sobre su visita, facilitando futuras visitas y mejorando su experiencia.<\/p><p>Puede configurar su navegador para rechazar el uso de cookies, aunque ello podr\u00eda afectar al correcto funcionamiento de algunas funcionalidades de la web.<\/p><p>Al navegar y continuar en nuestra web, consiente el uso de cookies en las condiciones establecidas en esta Pol\u00edtica de Cookies. Puede obtener m\u00e1s informaci\u00f3n o revocar su consentimiento enviando un correo a <a href=\"mailto:info@socarrats.com\">info@segabogados.com<\/a>.<\/p>\t\t\t\t\t\t\t\t<\/div>\n\t\t\t\t<\/div>\n\t\t\t\t\t<\/div>\n\t\t\t\t<\/div>\n\t\t\t\t<\/div>\n\t\t","protected":false},"excerpt":{"rendered":"<p>Esta web utiliza cookies propias y de terceros para personalizar el contenido, ofrecer funciones de redes sociales y analizar el tr\u00e1fico. En cumplimiento del Reglamento (UE) 2016\/679 y la Ley 34\/2002 de Servicios de la Sociedad de la Informaci\u00f3n y Comercio Electr\u00f3nico (LSSI-CE), le informamos sobre el uso de cookies. Una cookie es un peque\u00f1o [&hellip;]<\/p>\n","protected":false},"author":1,"featured_media":0,"parent":0,"menu_order":0,"comment_status":"closed","ping_status":"closed","template":"","meta":{"footnotes":""},"class_list":["post-1084","page","type-page","status-publish","hentry"],"_links":{"self":[{"href":"https:\/\/segabogados.com\/index.php\/wp-json\/wp\/v2\/pages\/1084","targetHints":{"allow":["GET"]}}],"collection":[{"href":"https:\/\/segabogados.com\/index.php\/wp-json\/wp\/v2\/pages"}],"about":[{"href":"https:\/\/segabogados.com\/index.php\/wp-json\/wp\/v2\/types\/page"}],"author":[{"embeddable":true,"href":"https:\/\/segabogados.com\/index.php\/wp-json\/wp\/v2\/users\/1"}],"replies":[{"embeddable":true,"href":"https:\/\/segabogados.com\/index.php\/wp-json\/wp\/v2\/comments?post=1084"}],"version-history":[{"count":5,"href":"https:\/\/segabogados.com\/index.php\/wp-json\/wp\/v2\/pages\/1084\/revisions"}],"predecessor-version":[{"id":1090,"href":"https:\/\/segabogados.com\/index.php\/wp-json\/wp\/v2\/pages\/1084\/revisions\/1090"}],"wp:attachment":[{"href":"https:\/\/segabogados.com\/index.php\/wp-json\/wp\/v2\/media?parent=1084"}],"curies":[{"name":"wp","href":"https:\/\/api.w.org\/{rel}","templated":true}]}}