{"id":3,"date":"2024-01-13T19:00:25","date_gmt":"2024-01-13T18:00:25","guid":{"rendered":"https:\/\/segabogados.com\/?page_id=3"},"modified":"2025-04-28T14:52:26","modified_gmt":"2025-04-28T12:52:26","slug":"politica-privacidad","status":"publish","type":"page","link":"https:\/\/segabogados.com\/index.php\/politica-privacidad\/","title":{"rendered":"Pol\u00edtica de privacidad"},"content":{"rendered":"\t\t<div data-elementor-type=\"wp-page\" data-elementor-id=\"3\" class=\"elementor elementor-3\">\n\t\t\t\t<div class=\"elementor-element elementor-element-42289d65 e-flex e-con-boxed e-con e-parent\" data-id=\"42289d65\" data-element_type=\"container\" data-e-type=\"container\">\n\t\t\t\t\t<div class=\"e-con-inner\">\n\t\t\t\t<div class=\"elementor-element elementor-element-42678dfe elementor-widget elementor-widget-text-editor\" data-id=\"42678dfe\" data-element_type=\"widget\" data-e-type=\"widget\" data-widget_type=\"text-editor.default\">\n\t\t\t\t<div class=\"elementor-widget-container\">\n\t\t\t\t\t\t\t\t\t\n<p>En cumplimiento del Reglamento (UE) 2016\/679, del Parlamento Europeo y del Consejo, de 27 de abril de 2016 (RGPD), y de la Ley Org\u00e1nica 3\/2018, de Protecci\u00f3n de Datos Personales y garant\u00eda de los derechos digitales (LOPDGDD), informamos a los usuarios que los datos personales que proporcionen a trav\u00e9s de esta web ser\u00e1n tratados por SOCARRATS, con domicilio electr\u00f3nico en <a href=\"mailto:info@socarrats.com\">info@segabogadoss.com<\/a>, como responsable del tratamiento.<\/p>\n<p>La finalidad del tratamiento de los datos es gestionar las solicitudes de informaci\u00f3n, atender consultas, enviar comunicaciones comerciales relacionadas con nuestros servicios y mejorar la experiencia del usuario.<br \/>El tratamiento se realiza sobre la base del consentimiento del interesado.<\/p>\n<p>Los datos proporcionados se conservar\u00e1n mientras exista una relaci\u00f3n comercial o hasta que usted solicite su supresi\u00f3n. No se ceder\u00e1n datos a terceros, salvo obligaci\u00f3n legal.<\/p>\n<p>Los usuarios pueden ejercitar en cualquier momento sus derechos de acceso, rectificaci\u00f3n, supresi\u00f3n, oposici\u00f3n, limitaci\u00f3n del tratamiento y portabilidad, enviando una solicitud a <a href=\"mailto:info@socarrats.com\">info@segabogados.com<\/a>, junto con una copia de su documento de identidad.<\/p>\n<p>Para m\u00e1s informaci\u00f3n, puede consultar esta pol\u00edtica de privacidad de forma peri\u00f3dica, ya que podr\u00eda ser actualizada.<\/p>\n\t\t\t\t\t\t\t\t<\/div>\n\t\t\t\t<\/div>\n\t\t\t\t\t<\/div>\n\t\t\t\t<\/div>\n\t\t\t\t<\/div>\n\t\t","protected":false},"excerpt":{"rendered":"<p>En cumplimiento del Reglamento (UE) 2016\/679, del Parlamento Europeo y del Consejo, de 27 de abril de 2016 (RGPD), y de la Ley Org\u00e1nica 3\/2018, de Protecci\u00f3n de Datos Personales y garant\u00eda de los derechos digitales (LOPDGDD), informamos a los usuarios que los datos personales que proporcionen a trav\u00e9s de esta web ser\u00e1n tratados por [&hellip;]<\/p>\n","protected":false},"author":1,"featured_media":0,"parent":0,"menu_order":0,"comment_status":"closed","ping_status":"open","template":"","meta":{"footnotes":""},"class_list":["post-3","page","type-page","status-publish","hentry"],"_links":{"self":[{"href":"https:\/\/segabogados.com\/index.php\/wp-json\/wp\/v2\/pages\/3","targetHints":{"allow":["GET"]}}],"collection":[{"href":"https:\/\/segabogados.com\/index.php\/wp-json\/wp\/v2\/pages"}],"about":[{"href":"https:\/\/segabogados.com\/index.php\/wp-json\/wp\/v2\/types\/page"}],"author":[{"embeddable":true,"href":"https:\/\/segabogados.com\/index.php\/wp-json\/wp\/v2\/users\/1"}],"replies":[{"embeddable":true,"href":"https:\/\/segabogados.com\/index.php\/wp-json\/wp\/v2\/comments?post=3"}],"version-history":[{"count":3,"href":"https:\/\/segabogados.com\/index.php\/wp-json\/wp\/v2\/pages\/3\/revisions"}],"predecessor-version":[{"id":1063,"href":"https:\/\/segabogados.com\/index.php\/wp-json\/wp\/v2\/pages\/3\/revisions\/1063"}],"wp:attachment":[{"href":"https:\/\/segabogados.com\/index.php\/wp-json\/wp\/v2\/media?parent=3"}],"curies":[{"name":"wp","href":"https:\/\/api.w.org\/{rel}","templated":true}]}}