{"id":989,"date":"2025-04-27T21:50:10","date_gmt":"2025-04-27T19:50:10","guid":{"rendered":"https:\/\/segabogados.com\/?page_id=989"},"modified":"2025-09-11T15:53:08","modified_gmt":"2025-09-11T13:53:08","slug":"qui-som","status":"publish","type":"page","link":"https:\/\/segabogados.com\/index.php\/ca\/qui-som\/","title":{"rendered":"Qui som"},"content":{"rendered":"\t\t<div data-elementor-type=\"wp-page\" data-elementor-id=\"989\" class=\"elementor elementor-989\">\n\t\t\t\t\t\t<section class=\"elementor-section elementor-top-section elementor-element elementor-element-7a70cbe0 elementor-section-boxed elementor-section-height-default elementor-section-height-default\" data-id=\"7a70cbe0\" data-element_type=\"section\" data-e-type=\"section\" data-settings=\"{&quot;background_background&quot;:&quot;video&quot;,&quot;background_video_link&quot;:&quot;https:\\\/\\\/www.youtube.com\\\/watch?v=omaTcIbwt9c&quot;}\">\n\t\t\t\t\t\t\t\t<div class=\"elementor-background-video-container elementor-hidden-mobile\">\n\t\t\t\t\t\t\t\t\t\t\t\t\t<div class=\"elementor-background-video-embed\" role=\"presentation\"><\/div>\n\t\t\t\t\t\t\t\t\t\t\t\t<\/div>\n\t\t\t\t\t\t\t\t\t<div class=\"elementor-background-overlay\"><\/div>\n\t\t\t\t\t\t\t<div class=\"elementor-container elementor-column-gap-default\">\n\t\t\t\t\t<div class=\"elementor-column elementor-col-100 elementor-top-column elementor-element elementor-element-2cf05910\" data-id=\"2cf05910\" data-element_type=\"column\" data-e-type=\"column\">\n\t\t\t<div class=\"elementor-widget-wrap elementor-element-populated\">\n\t\t\t\t\t\t<div class=\"elementor-element elementor-element-17b07dad elementor-invisible elementor-widget elementor-widget-heading\" data-id=\"17b07dad\" data-element_type=\"widget\" data-e-type=\"widget\" data-settings=\"{&quot;_animation&quot;:&quot;fadeInUp&quot;,&quot;_animation_delay&quot;:500}\" data-widget_type=\"heading.default\">\n\t\t\t\t<div class=\"elementor-widget-container\">\n\t\t\t\t\t<p class=\"elementor-heading-title elementor-size-default\">Segabogados<\/p>\t\t\t\t<\/div>\n\t\t\t\t<\/div>\n\t\t\t\t<div class=\"elementor-element elementor-element-6368828f elementor-invisible elementor-widget elementor-widget-heading\" data-id=\"6368828f\" data-element_type=\"widget\" data-e-type=\"widget\" data-settings=\"{&quot;_animation&quot;:&quot;fadeInLeft&quot;,&quot;_animation_delay&quot;:300}\" data-widget_type=\"heading.default\">\n\t\t\t\t<div class=\"elementor-widget-container\">\n\t\t\t\t\t<h1 class=\"elementor-heading-title elementor-size-default\">Qui som?<\/h1>\t\t\t\t<\/div>\n\t\t\t\t<\/div>\n\t\t\t\t\t<\/div>\n\t\t<\/div>\n\t\t\t\t\t<\/div>\n\t\t<\/section>\n\t\t\t\t<section class=\"elementor-section elementor-top-section elementor-element elementor-element-304c4b7d elementor-section-boxed elementor-section-height-default elementor-section-height-default\" data-id=\"304c4b7d\" data-element_type=\"section\" data-e-type=\"section\" data-settings=\"{&quot;background_background&quot;:&quot;classic&quot;}\">\n\t\t\t\t\t\t\t<div class=\"elementor-background-overlay\"><\/div>\n\t\t\t\t\t\t\t<div class=\"elementor-container elementor-column-gap-default\">\n\t\t\t\t\t<div class=\"elementor-column elementor-col-50 elementor-top-column elementor-element elementor-element-37085ae8 elementor-invisible\" data-id=\"37085ae8\" data-element_type=\"column\" data-e-type=\"column\" data-settings=\"{&quot;animation&quot;:&quot;fadeInLeft&quot;,&quot;background_background&quot;:&quot;classic&quot;}\">\n\t\t\t<div class=\"elementor-widget-wrap elementor-element-populated\">\n\t\t\t\t\t\t<div class=\"elementor-element elementor-element-27e3ccc8 elementor-widget elementor-widget-spacer\" data-id=\"27e3ccc8\" data-element_type=\"widget\" data-e-type=\"widget\" data-widget_type=\"spacer.default\">\n\t\t\t\t<div class=\"elementor-widget-container\">\n\t\t\t\t\t\t\t<div class=\"elementor-spacer\">\n\t\t\t<div class=\"elementor-spacer-inner\"><\/div>\n\t\t<\/div>\n\t\t\t\t\t\t<\/div>\n\t\t\t\t<\/div>\n\t\t\t\t\t<\/div>\n\t\t<\/div>\n\t\t\t\t<div class=\"elementor-column elementor-col-50 elementor-top-column elementor-element elementor-element-1447089e elementor-invisible\" data-id=\"1447089e\" data-element_type=\"column\" data-e-type=\"column\" data-settings=\"{&quot;animation&quot;:&quot;fadeInLeft&quot;}\">\n\t\t\t<div class=\"elementor-widget-wrap elementor-element-populated\">\n\t\t\t\t\t\t<div class=\"elementor-element elementor-element-3f86986 envato-kit-93-drop-cap elementor-invisible elementor-widget elementor-widget-text-editor\" data-id=\"3f86986\" data-element_type=\"widget\" data-e-type=\"widget\" data-settings=\"{&quot;_animation&quot;:&quot;fadeInUp&quot;}\" data-widget_type=\"text-editor.default\">\n\t\t\t\t<div class=\"elementor-widget-container\">\n\t\t\t\t\t\t\t\t\t<p style=\"font-weight: 400;\"><strong>Al voltant d\u2019Isabel Salazar Ego-Aguirre<\/strong><\/p><p class=\"p1\">Isabel Salazar Ego-Aguirre \u00e9s llicenciada en Dret per la Universitat d\u2019Alacant. Advocada de l\u2019Il\u00b7lustre Col\u00b7legi de l\u2019Advocacia d\u2019Alacant, en exercici des de 2001; especialitzada en Dret concursal, civil i mercantil, \u00e9s assessora jur\u00eddica d\u2019empreses i d\u2019entitats culturals i educatives sense \u00e0nim de lucre. Aix\u00ed mateix, ha sigut T\u00e8cnic d\u2019Administraci\u00f3 General d\u2019Urbanisme i Medi Ambient en l\u2019Administraci\u00f3 Local.<\/p><p style=\"font-weight: 400;\">La seua dedicaci\u00f3 i el seu comprom\u00eds amb l&#8217;excel\u00b7l\u00e8ncia jur\u00eddica l&#8217;han convertida en una refer\u00e8ncia destacada en la seua especialitat a Benidorm, Alacant i la seua prov\u00edncia. Esta \u00e9s la p\u00e0gina web del seu despatx d&#8217;advocats amb seu a Benidorm.<\/p>\t\t\t\t\t\t\t\t<\/div>\n\t\t\t\t<\/div>\n\t\t\t\t<div class=\"elementor-element elementor-element-f63177b elementor-widget elementor-widget-text-editor\" data-id=\"f63177b\" data-element_type=\"widget\" data-e-type=\"widget\" data-widget_type=\"text-editor.default\">\n\t\t\t\t<div class=\"elementor-widget-container\">\n\t\t\t\t\t\t\t\t\t<p style=\"font-weight: 400;\">Benvinguts a\u00a0<strong>Segabogados.com<\/strong>, p\u00e0gina web del despatx d&#8217;advocats d&#8217;Isabel Salazar Ego-Aguirre, a Benidorm (Alacant, Espanya).<\/p>\t\t\t\t\t\t\t\t<\/div>\n\t\t\t\t<\/div>\n\t\t\t\t<div class=\"elementor-element elementor-element-6a1e0d2c elementor-widget-divider--view-line elementor-invisible elementor-widget elementor-widget-divider\" data-id=\"6a1e0d2c\" data-element_type=\"widget\" data-e-type=\"widget\" data-settings=\"{&quot;_animation&quot;:&quot;fadeInUp&quot;}\" data-widget_type=\"divider.default\">\n\t\t\t\t<div class=\"elementor-widget-container\">\n\t\t\t\t\t\t\t<div class=\"elementor-divider\">\n\t\t\t<span class=\"elementor-divider-separator\">\n\t\t\t\t\t\t<\/span>\n\t\t<\/div>\n\t\t\t\t\t\t<\/div>\n\t\t\t\t<\/div>\n\t\t\t\t\t<\/div>\n\t\t<\/div>\n\t\t\t\t\t<\/div>\n\t\t<\/section>\n\t\t\t\t<section class=\"elementor-section elementor-top-section elementor-element elementor-element-6f419523 elementor-section-boxed elementor-section-height-default elementor-section-height-default\" data-id=\"6f419523\" data-element_type=\"section\" data-e-type=\"section\">\n\t\t\t\t\t\t<div class=\"elementor-container elementor-column-gap-default\">\n\t\t\t\t\t<div class=\"elementor-column elementor-col-100 elementor-top-column elementor-element elementor-element-2663f202 elementor-invisible\" data-id=\"2663f202\" data-element_type=\"column\" data-e-type=\"column\" data-settings=\"{&quot;animation&quot;:&quot;fadeInLeft&quot;,&quot;animation_delay&quot;:1000}\">\n\t\t\t<div class=\"elementor-widget-wrap elementor-element-populated\">\n\t\t\t\t\t\t<div class=\"elementor-element elementor-element-d39a567 elementor-widget-divider--view-line elementor-widget elementor-widget-divider\" data-id=\"d39a567\" data-element_type=\"widget\" data-e-type=\"widget\" data-widget_type=\"divider.default\">\n\t\t\t\t<div class=\"elementor-widget-container\">\n\t\t\t\t\t\t\t<div class=\"elementor-divider\">\n\t\t\t<span class=\"elementor-divider-separator\">\n\t\t\t\t\t\t<\/span>\n\t\t<\/div>\n\t\t\t\t\t\t<\/div>\n\t\t\t\t<\/div>\n\t\t\t\t<div class=\"elementor-element elementor-element-14ec8244 elementor-widget elementor-widget-text-editor\" data-id=\"14ec8244\" data-element_type=\"widget\" data-e-type=\"widget\" data-widget_type=\"text-editor.default\">\n\t\t\t\t<div class=\"elementor-widget-container\">\n\t\t\t\t\t\t\t\t\t<p>Segabogados. El teu advocat a Benidorm.<\/p>\t\t\t\t\t\t\t\t<\/div>\n\t\t\t\t<\/div>\n\t\t\t\t<div class=\"elementor-element elementor-element-7e96329 elementor-widget elementor-widget-text-editor\" data-id=\"7e96329\" data-element_type=\"widget\" data-e-type=\"widget\" data-widget_type=\"text-editor.default\">\n\t\t\t\t<div class=\"elementor-widget-container\">\n\t\t\t\t\t\t\t\t\t<h1 style=\"font-weight: 400;\"><strong>\u00c0rees d&#8217;Especialitzaci\u00f3<\/strong><\/h1><ul style=\"font-weight: 400;\"><li><strong>Dret administratiu i urbanisme<\/strong>: assessorament i defensa en llic\u00e8ncies, permisos, expropiacions i regulaci\u00f3 urban\u00edstica a Benidorm i la Costa Blanca.<\/li><li><strong>Dret immobiliari<\/strong>: compravenda, arrendaments, desnonaments, comunitats de propietaris i assumptes registrals a Benidorm, les Marines i Alacant.<\/li><li><strong>Dret concursal i mercantil<\/strong>: assessorament a empreses en concursos de creditors, reestructuracions, contractaci\u00f3 mercantil i dret societari a Benidorm i Alacant.<\/li><li><strong>Dret penal<\/strong>: defensa i acusaci\u00f3 en tot tipus de delictes, assist\u00e8ncia a detinguts i procediments penals a Benidorm i Alacant.<\/li><li><strong>Dret laboral<\/strong>: acomiadaments, reclamacions de quantitat, convenis col\u00b7lectius, seguretat social i q\u00fcestions laborals en general a Benidorm i Alacant.<\/li><li><strong>Dret bancari<\/strong>: reclamaci\u00f3 de cl\u00e0usules abusives, hipoteques, targetes\u00a0<em>revolving<\/em>\u00a0i productes financers a Benidorm, les Marines i Alacant.<\/li><li><strong>Dret civil<\/strong>: contractes, obligacions, responsabilitat civil contractual i extracontractual a Benidorm i Alacant.<\/li><li><strong>Her\u00e8ncies i successions<\/strong>: planificaci\u00f3 success\u00f2ria, testaments, declaracions d&#8217;hereus i particions heredit\u00e0ries a Benidorm i Alacant.<\/li><li><strong>Dret de fam\u00edlia<\/strong>: divorcis, separacions, guarda i cust\u00f2dia, pensions d&#8217;aliments i relacions paterno-filials a Benidorm i Alacant.<\/li><li><strong>Accidents de tr\u00e0nsit i responsabilitat civil<\/strong>: reclamaci\u00f3 d&#8217;indemnitzacions per accidents, neglig\u00e8ncies i danys a Benidorm, les Marines i Alacant.<\/li><li><strong>Mediaci\u00f3 i resoluci\u00f3 alternativa de conflictes (MASC)<\/strong>: vies extrajudicials per a la soluci\u00f3 de controv\u00e8rsies a Benidorm i Alacant.<\/li><\/ul>\t\t\t\t\t\t\t\t<\/div>\n\t\t\t\t<\/div>\n\t\t\t\t<div class=\"elementor-element elementor-element-45a0d9e7 elementor-widget elementor-widget-text-editor\" data-id=\"45a0d9e7\" data-element_type=\"widget\" data-e-type=\"widget\" data-widget_type=\"text-editor.default\">\n\t\t\t\t<div class=\"elementor-widget-container\">\n\t\t\t\t\t\t\t\t\t<p>Tel\u00e8fon: <a href=\"tel:(123) 4567-78-90\">+34 865710314<\/a><\/p>\t\t\t\t\t\t\t\t<\/div>\n\t\t\t\t<\/div>\n\t\t\t\t<div class=\"elementor-element elementor-element-45ec4575 elementor-widget elementor-widget-text-editor\" data-id=\"45ec4575\" data-element_type=\"widget\" data-e-type=\"widget\" data-widget_type=\"text-editor.default\">\n\t\t\t\t<div class=\"elementor-widget-container\">\n\t\t\t\t\t\t\t\t\t<p>E-mail: <a href=\"mailto:name@example.com\">info@segabogados.com<\/a><\/p>\t\t\t\t\t\t\t\t<\/div>\n\t\t\t\t<\/div>\n\t\t\t\t<div class=\"elementor-element elementor-element-27add20a e-grid-align-left elementor-shape-rounded elementor-grid-0 elementor-widget elementor-widget-social-icons\" data-id=\"27add20a\" data-element_type=\"widget\" data-e-type=\"widget\" data-widget_type=\"social-icons.default\">\n\t\t\t\t<div class=\"elementor-widget-container\">\n\t\t\t\t\t\t\t<div class=\"elementor-social-icons-wrapper elementor-grid\" role=\"list\">\n\t\t\t\t\t\t\t<span class=\"elementor-grid-item\" role=\"listitem\">\n\t\t\t\t\t<a class=\"elementor-icon elementor-social-icon elementor-social-icon-twitter elementor-animation-float elementor-repeater-item-7108738\" target=\"_blank\">\n\t\t\t\t\t\t<span class=\"elementor-screen-only\">Twitter<\/span>\n\t\t\t\t\t\t<svg aria-hidden=\"true\" class=\"e-font-icon-svg e-fab-twitter\" viewBox=\"0 0 512 512\" xmlns=\"http:\/\/www.w3.org\/2000\/svg\"><path d=\"M459.37 151.716c.325 4.548.325 9.097.325 13.645 0 138.72-105.583 298.558-298.558 298.558-59.452 0-114.68-17.219-161.137-47.106 8.447.974 16.568 1.299 25.34 1.299 49.055 0 94.213-16.568 130.274-44.832-46.132-.975-84.792-31.188-98.112-72.772 6.498.974 12.995 1.624 19.818 1.624 9.421 0 18.843-1.3 27.614-3.573-48.081-9.747-84.143-51.98-84.143-102.985v-1.299c13.969 7.797 30.214 12.67 47.431 13.319-28.264-18.843-46.781-51.005-46.781-87.391 0-19.492 5.197-37.36 14.294-52.954 51.655 63.675 129.3 105.258 216.365 109.807-1.624-7.797-2.599-15.918-2.599-24.04 0-57.828 46.782-104.934 104.934-104.934 30.213 0 57.502 12.67 76.67 33.137 23.715-4.548 46.456-13.32 66.599-25.34-7.798 24.366-24.366 44.833-46.132 57.827 21.117-2.273 41.584-8.122 60.426-16.243-14.292 20.791-32.161 39.308-52.628 54.253z\"><\/path><\/svg>\t\t\t\t\t<\/a>\n\t\t\t\t<\/span>\n\t\t\t\t\t\t\t<span class=\"elementor-grid-item\" role=\"listitem\">\n\t\t\t\t\t<a class=\"elementor-icon elementor-social-icon elementor-social-icon-facebook-f elementor-animation-float elementor-repeater-item-a2f0954\" target=\"_blank\">\n\t\t\t\t\t\t<span class=\"elementor-screen-only\">Facebook-f<\/span>\n\t\t\t\t\t\t<svg aria-hidden=\"true\" class=\"e-font-icon-svg e-fab-facebook-f\" viewBox=\"0 0 320 512\" xmlns=\"http:\/\/www.w3.org\/2000\/svg\"><path d=\"M279.14 288l14.22-92.66h-88.91v-60.13c0-25.35 12.42-50.06 52.24-50.06h40.42V6.26S260.43 0 225.36 0c-73.22 0-121.08 44.38-121.08 124.72v70.62H22.89V288h81.39v224h100.17V288z\"><\/path><\/svg>\t\t\t\t\t<\/a>\n\t\t\t\t<\/span>\n\t\t\t\t\t<\/div>\n\t\t\t\t\t\t<\/div>\n\t\t\t\t<\/div>\n\t\t\t\t\t<\/div>\n\t\t<\/div>\n\t\t\t\t\t<\/div>\n\t\t<\/section>\n\t\t\t\t<section class=\"elementor-section elementor-top-section elementor-element elementor-element-483f6229 elementor-section-boxed elementor-section-height-default elementor-section-height-default\" data-id=\"483f6229\" data-element_type=\"section\" data-e-type=\"section\">\n\t\t\t\t\t\t<div class=\"elementor-container elementor-column-gap-default\">\n\t\t\t\t\t<div class=\"elementor-column elementor-col-100 elementor-top-column elementor-element elementor-element-350380b6\" data-id=\"350380b6\" data-element_type=\"column\" data-e-type=\"column\">\n\t\t\t<div class=\"elementor-widget-wrap elementor-element-populated\">\n\t\t\t\t\t\t<div class=\"elementor-element elementor-element-8af5f05 elementor-invisible elementor-widget elementor-widget-text-editor\" data-id=\"8af5f05\" data-element_type=\"widget\" data-e-type=\"widget\" data-settings=\"{&quot;_animation&quot;:&quot;fadeInUp&quot;}\" data-widget_type=\"text-editor.default\">\n\t\t\t\t<div class=\"elementor-widget-container\">\n\t\t\t\t\t\t\t\t\t<p style=\"font-weight: 400;\">\u00abL&#8217;advocat \u00e9s un constructor social de la just\u00edcia.\u00bb<\/p>\t\t\t\t\t\t\t\t<\/div>\n\t\t\t\t<\/div>\n\t\t\t\t<section class=\"elementor-section elementor-inner-section elementor-element elementor-element-7a18a13d elementor-section-boxed elementor-section-height-default elementor-section-height-default\" data-id=\"7a18a13d\" data-element_type=\"section\" data-e-type=\"section\">\n\t\t\t\t\t\t<div class=\"elementor-container elementor-column-gap-default\">\n\t\t\t\t\t<div class=\"elementor-column elementor-col-100 elementor-inner-column elementor-element elementor-element-7a749272\" data-id=\"7a749272\" data-element_type=\"column\" data-e-type=\"column\">\n\t\t\t<div class=\"elementor-widget-wrap elementor-element-populated\">\n\t\t\t\t\t\t<div class=\"elementor-element elementor-element-38f364d2 elementor-position-left elementor-vertical-align-middle elementor-invisible elementor-widget elementor-widget-image-box\" data-id=\"38f364d2\" data-element_type=\"widget\" data-e-type=\"widget\" data-settings=\"{&quot;_animation&quot;:&quot;fadeInLeft&quot;,&quot;_animation_delay&quot;:200}\" data-widget_type=\"image-box.default\">\n\t\t\t\t<div class=\"elementor-widget-container\">\n\t\t\t\t\t<div class=\"elementor-image-box-wrapper\"><figure class=\"elementor-image-box-img\"><img decoding=\"async\" width=\"30\" height=\"3\" src=\"https:\/\/segabogados.com\/wp-content\/uploads\/2024\/01\/title-line.png\" class=\"attachment-full size-full wp-image-11\" alt=\"\" \/><\/figure><div class=\"elementor-image-box-content\"><h3 class=\"elementor-image-box-title\">John F. Kennedy<\/h3><\/div><\/div>\t\t\t\t<\/div>\n\t\t\t\t<\/div>\n\t\t\t\t\t<\/div>\n\t\t<\/div>\n\t\t\t\t\t<\/div>\n\t\t<\/section>\n\t\t\t\t\t<\/div>\n\t\t<\/div>\n\t\t\t\t\t<\/div>\n\t\t<\/section>\n\t\t\t\t<section class=\"elementor-section elementor-top-section elementor-element elementor-element-3932fa3e elementor-section-boxed elementor-section-height-default elementor-section-height-default\" data-id=\"3932fa3e\" data-element_type=\"section\" data-e-type=\"section\" data-settings=\"{&quot;background_background&quot;:&quot;classic&quot;}\">\n\t\t\t\t\t\t\t<div class=\"elementor-background-overlay\"><\/div>\n\t\t\t\t\t\t\t<div class=\"elementor-container elementor-column-gap-default\">\n\t\t\t\t\t<div class=\"elementor-column elementor-col-50 elementor-top-column elementor-element elementor-element-158575f8 elementor-invisible\" data-id=\"158575f8\" data-element_type=\"column\" data-e-type=\"column\" data-settings=\"{&quot;animation&quot;:&quot;fadeInLeft&quot;}\">\n\t\t\t<div class=\"elementor-widget-wrap elementor-element-populated\">\n\t\t\t\t\t\t<div class=\"elementor-element elementor-element-719ab11 elementor-widget elementor-widget-image\" data-id=\"719ab11\" data-element_type=\"widget\" data-e-type=\"widget\" data-widget_type=\"image.default\">\n\t\t\t\t<div class=\"elementor-widget-container\">\n\t\t\t\t\t\t\t\t\t\t\t\t\t\t\t<img decoding=\"async\" src=\"https:\/\/segabogados.com\/wp-content\/uploads\/elementor\/thumbs\/segabogados-benidorm-castillo-1-r4x6xens1kb9i0lszbbklvfq4gp8tz2jgs8cnanmmc.jpg\" title=\"segabogados-benidorm-castillo\" alt=\"Segabogados-abogaods-en-Benidorm-Castillo\" loading=\"lazy\" \/>\t\t\t\t\t\t\t\t\t\t\t\t\t\t\t<\/div>\n\t\t\t\t<\/div>\n\t\t\t\t\t<\/div>\n\t\t<\/div>\n\t\t\t\t<div class=\"elementor-column elementor-col-50 elementor-top-column elementor-element elementor-element-492031fb elementor-invisible\" data-id=\"492031fb\" data-element_type=\"column\" data-e-type=\"column\" data-settings=\"{&quot;animation&quot;:&quot;fadeInRight&quot;}\">\n\t\t\t<div class=\"elementor-widget-wrap elementor-element-populated\">\n\t\t\t\t\t\t<div class=\"elementor-element elementor-element-464b5d97 elementor-widget elementor-widget-heading\" data-id=\"464b5d97\" data-element_type=\"widget\" data-e-type=\"widget\" data-widget_type=\"heading.default\">\n\t\t\t\t<div class=\"elementor-widget-container\">\n\t\t\t\t\t<h2 class=\"elementor-heading-title elementor-size-default\">La nostra experi\u00e8ncia\nEls nostres clients\n<\/h2>\t\t\t\t<\/div>\n\t\t\t\t<\/div>\n\t\t\t\t<div class=\"elementor-element elementor-element-45d94751 elementor-widget elementor-widget-heading\" data-id=\"45d94751\" data-element_type=\"widget\" data-e-type=\"widget\" data-widget_type=\"heading.default\">\n\t\t\t\t<div class=\"elementor-widget-container\">\n\t\t\t\t\t<p class=\"elementor-heading-title elementor-size-default\">El seu despatx d'advocats a Benidorm<\/p>\t\t\t\t<\/div>\n\t\t\t\t<\/div>\n\t\t\t\t<div class=\"elementor-element elementor-element-6d572f62 elementor-widget elementor-widget-text-editor\" data-id=\"6d572f62\" data-element_type=\"widget\" data-e-type=\"widget\" data-widget_type=\"text-editor.default\">\n\t\t\t\t<div class=\"elementor-widget-container\">\n\t\t\t\t\t\t\t\t\t<p style=\"font-weight: 400;\">Amb m\u00e9s de 20 anys de traject\u00f2ria a Benidorm i la seua \u00e0rea d&#8217;influ\u00e8ncia, Segabogados assessora amb discreci\u00f3 i dedicaci\u00f3 nombrosos clients, incloent-hi importants empreses de serveis i del sector tur\u00edstic de Benidorm, les Marines i Alacant.<br \/>La nostra experi\u00e8ncia \u00e9s la seua garantia d&#8217;\u00e8xit.<\/p><h3><strong>Truqueu-nos i consulteu-nos sense cap comprom\u00eds<\/strong><\/h3>\t\t\t\t\t\t\t\t<\/div>\n\t\t\t\t<\/div>\n\t\t\t\t\t<\/div>\n\t\t<\/div>\n\t\t\t\t\t<\/div>\n\t\t<\/section>\n\t\t\t\t<section class=\"elementor-section elementor-top-section elementor-element elementor-element-4a677943 elementor-section-boxed elementor-section-height-default elementor-section-height-default\" data-id=\"4a677943\" data-element_type=\"section\" data-e-type=\"section\" data-settings=\"{&quot;background_background&quot;:&quot;classic&quot;}\">\n\t\t\t\t\t\t<div class=\"elementor-container elementor-column-gap-default\">\n\t\t\t\t\t<div class=\"elementor-column elementor-col-100 elementor-top-column elementor-element elementor-element-788ffceb\" data-id=\"788ffceb\" data-element_type=\"column\" data-e-type=\"column\">\n\t\t\t<div class=\"elementor-widget-wrap elementor-element-populated\">\n\t\t\t\t\t\t<div class=\"elementor-element elementor-element-6d6eb76c elementor-widget-divider--view-line elementor-invisible elementor-widget elementor-widget-divider\" data-id=\"6d6eb76c\" data-element_type=\"widget\" data-e-type=\"widget\" data-settings=\"{&quot;_animation&quot;:&quot;fadeInUp&quot;}\" data-widget_type=\"divider.default\">\n\t\t\t\t<div class=\"elementor-widget-container\">\n\t\t\t\t\t\t\t<div class=\"elementor-divider\">\n\t\t\t<span class=\"elementor-divider-separator\">\n\t\t\t\t\t\t<\/span>\n\t\t<\/div>\n\t\t\t\t\t\t<\/div>\n\t\t\t\t<\/div>\n\t\t\t\t<div class=\"elementor-element elementor-element-221be408 elementor-invisible elementor-widget elementor-widget-heading\" data-id=\"221be408\" data-element_type=\"widget\" data-e-type=\"widget\" data-settings=\"{&quot;_animation&quot;:&quot;fadeInUp&quot;}\" data-widget_type=\"heading.default\">\n\t\t\t\t<div class=\"elementor-widget-container\">\n\t\t\t\t\t<h3 class=\"elementor-heading-title elementor-size-default\">Si li cal un soci de confian\u00e7a i amb dedicaci\u00f3 total...<\/h3>\t\t\t\t<\/div>\n\t\t\t\t<\/div>\n\t\t\t\t<div class=\"elementor-element elementor-element-24f7c71e elementor-align-center elementor-widget elementor-widget-button\" data-id=\"24f7c71e\" data-element_type=\"widget\" data-e-type=\"widget\" data-widget_type=\"button.default\">\n\t\t\t\t<div class=\"elementor-widget-container\">\n\t\t\t\t\t\t\t\t\t<div class=\"elementor-button-wrapper\">\n\t\t\t\t\t<a class=\"elementor-button elementor-button-link elementor-size-sm\" href=\"https:\/\/segabogados.com\/index.php\/contacte\/\">\n\t\t\t\t\t\t<span class=\"elementor-button-content-wrapper\">\n\t\t\t\t\t\t\t\t\t<span class=\"elementor-button-text\">contacte amb segabogados<\/span>\n\t\t\t\t\t<\/span>\n\t\t\t\t\t<\/a>\n\t\t\t\t<\/div>\n\t\t\t\t\t\t\t\t<\/div>\n\t\t\t\t<\/div>\n\t\t\t\t\t<\/div>\n\t\t<\/div>\n\t\t\t\t\t<\/div>\n\t\t<\/section>\n\t\t\t\t<\/div>\n\t\t","protected":false},"excerpt":{"rendered":"<p>Segabogados Qui som? Al voltant d\u2019Isabel Salazar Ego-Aguirre Isabel Salazar Ego-Aguirre \u00e9s llicenciada en Dret per la Universitat d\u2019Alacant. Advocada de l\u2019Il\u00b7lustre Col\u00b7legi de l\u2019Advocacia d\u2019Alacant, en exercici des de 2001; especialitzada en Dret concursal, civil i mercantil, \u00e9s assessora jur\u00eddica d\u2019empreses i d\u2019entitats culturals i educatives sense \u00e0nim de lucre. Aix\u00ed mateix, ha sigut [&hellip;]<\/p>\n","protected":false},"author":1,"featured_media":0,"parent":0,"menu_order":0,"comment_status":"closed","ping_status":"closed","template":"","meta":{"footnotes":""},"class_list":["post-989","page","type-page","status-publish","hentry"],"_links":{"self":[{"href":"https:\/\/segabogados.com\/index.php\/wp-json\/wp\/v2\/pages\/989","targetHints":{"allow":["GET"]}}],"collection":[{"href":"https:\/\/segabogados.com\/index.php\/wp-json\/wp\/v2\/pages"}],"about":[{"href":"https:\/\/segabogados.com\/index.php\/wp-json\/wp\/v2\/types\/page"}],"author":[{"embeddable":true,"href":"https:\/\/segabogados.com\/index.php\/wp-json\/wp\/v2\/users\/1"}],"replies":[{"embeddable":true,"href":"https:\/\/segabogados.com\/index.php\/wp-json\/wp\/v2\/comments?post=989"}],"version-history":[{"count":6,"href":"https:\/\/segabogados.com\/index.php\/wp-json\/wp\/v2\/pages\/989\/revisions"}],"predecessor-version":[{"id":1168,"href":"https:\/\/segabogados.com\/index.php\/wp-json\/wp\/v2\/pages\/989\/revisions\/1168"}],"wp:attachment":[{"href":"https:\/\/segabogados.com\/index.php\/wp-json\/wp\/v2\/media?parent=989"}],"curies":[{"name":"wp","href":"https:\/\/api.w.org\/{rel}","templated":true}]}}